{"id":44,"date":"2009-01-09T23:09:35","date_gmt":"2009-01-09T22:09:35","guid":{"rendered":"http:\/\/dirk-moldt.de.dd21338.kasserver.com\/?page_id=44"},"modified":"2018-01-21T19:22:17","modified_gmt":"2018-01-21T18:22:17","slug":"angebote","status":"publish","type":"page","link":"http:\/\/www.dirk-moldt.de\/?page_id=44","title":{"rendered":"Angebote"},"content":{"rendered":"<p><strong>Historische Forschung in Archiven und in der Literatur.<\/strong><\/p>\n<p><strong>Komplizierte Vorg\u00e4nge einfach und verst\u00e4ndlich erkl\u00e4rt.<\/strong> <strong>Komplexe Gedanken auf den Punkt gebracht. Textanalyse, wissenschaftliche Beratung.<\/strong><\/p>\n<p><strong>Einzel- und Komplettl\u00f6sungen, angefangen von Sprachaufzeichnung, Redaktion, Dramatisierung, Layout und Druck, bis zum fertigen Produkt. Auf Wunsch illustriert, mit Karikaturen, Fotografien oder Malerei auch in au\u00dfergew\u00f6hnlichen Formaten.<\/strong><\/p>\n<p><strong>Stadtf\u00fchrungen (Berlin im Mittelalter, Berlin-Friedrichshain)<\/strong><\/p>\n<p><strong>Museumsbegleitung<\/strong><\/p>\n<p><strong>Workshops f\u00fcr Sch\u00fcler und Erwachsene<\/strong><\/p>\n<p><strong>Biografien<\/strong><\/p>\n<p><strong>Unternehmensgeschichte (Betriebsjubil\u00e4en)<\/strong><\/p>\n<p><strong>Festschriften<\/strong><\/p>\n<p><strong>Werbetexte<\/strong><\/p>\n<p><strong>\u00a0<\/strong><\/p>\n","protected":false},"excerpt":{"rendered":"<p>Historische Forschung in Archiven und in der Literatur. Komplizierte Vorg\u00e4nge einfach und verst\u00e4ndlich erkl\u00e4rt. Komplexe Gedanken auf den Punkt gebracht. Textanalyse, wissenschaftliche Beratung. Einzel- und Komplettl\u00f6sungen, angefangen von Sprachaufzeichnung, Redaktion, Dramatisierung, Layout und Druck, bis zum fertigen Produkt. Auf Wunsch illustriert, mit Karikaturen, Fotografien oder Malerei auch in au\u00dfergew\u00f6hnlichen Formaten. Stadtf\u00fchrungen (Berlin im Mittelalter, Berlin-Friedrichshain) [&hellip;]<\/p>\n","protected":false},"author":1,"featured_media":0,"parent":0,"menu_order":-1,"comment_status":"closed","ping_status":"closed","template":"","meta":[],"_links":{"self":[{"href":"http:\/\/www.dirk-moldt.de\/index.php?rest_route=\/wp\/v2\/pages\/44"}],"collection":[{"href":"http:\/\/www.dirk-moldt.de\/index.php?rest_route=\/wp\/v2\/pages"}],"about":[{"href":"http:\/\/www.dirk-moldt.de\/index.php?rest_route=\/wp\/v2\/types\/page"}],"author":[{"embeddable":true,"href":"http:\/\/www.dirk-moldt.de\/index.php?rest_route=\/wp\/v2\/users\/1"}],"replies":[{"embeddable":true,"href":"http:\/\/www.dirk-moldt.de\/index.php?rest_route=%2Fwp%2Fv2%2Fcomments&post=44"}],"version-history":[{"count":26,"href":"http:\/\/www.dirk-moldt.de\/index.php?rest_route=\/wp\/v2\/pages\/44\/revisions"}],"predecessor-version":[{"id":314,"href":"http:\/\/www.dirk-moldt.de\/index.php?rest_route=\/wp\/v2\/pages\/44\/revisions\/314"}],"wp:attachment":[{"href":"http:\/\/www.dirk-moldt.de\/index.php?rest_route=%2Fwp%2Fv2%2Fmedia&parent=44"}],"curies":[{"name":"wp","href":"https:\/\/api.w.org\/{rel}","templated":true}]}}